{"id":11,"date":"2012-07-02T21:26:13","date_gmt":"2012-07-02T21:26:13","guid":{"rendered":"http:\/\/www.silverbreezei.com\/?page_id=11"},"modified":"2023-09-13T17:05:56","modified_gmt":"2023-09-14T00:05:56","slug":"crr","status":"publish","type":"page","link":"https:\/\/www.silverbreezei.com\/?page_id=11","title":{"rendered":"Centro de reciclado de refrigerantes"},"content":{"rendered":"<p><span style=\"font-family: Arial;\">El Centro de Reciclado de Refrigerantes ofrecen los servicios a los usuarios de los refrigerantes \u00a0que quieren cambiar a las Buenas Pr\u00e1cticas de Refrigeraci\u00f3n y Aire Acondicionado para ayudar a detener se siga degradando la Capa de Ozono y revertir los efectos del Calentamiento Global, trabajando en conjunto se puede dar una soluci\u00f3n a la liberaci\u00f3n irresponsable de refrigerantes , estamos autorizados por SEMARNAT para entregar el Manifiesto en los servicios que ofrecemos <strong>del<\/strong> <strong>Sistema de Informaci\u00f3n y Monitoreo de Importaciones, Exportaciones y Producci\u00f3n de Sustancias Agotadoras de la Capa de Ozono (SISSAO).<br \/>\n<\/strong><\/span><\/p>\n<p><span style=\"font-family: Arial;\"><strong>Nuestro Registro Ambiental SEMARNAT: ISP1F0200211<\/strong><\/span><\/p>\n<p style=\"text-align: center;\"><span style=\"font-family: Arial;\"><strong><a href=\"http:\/\/www.silverbreezei.com\/wp-content\/uploads\/2012\/07\/mexico.jpg\"><img loading=\"lazy\" decoding=\"async\" class=\"aligncenter wp-image-323\" title=\"mexico\" src=\"http:\/\/www.silverbreezei.com\/wp-content\/uploads\/2012\/07\/mexico-300x219.jpg\" alt=\"\" width=\"300\" height=\"219\" srcset=\"https:\/\/www.silverbreezei.com\/wp-content\/uploads\/2012\/07\/mexico-300x219.jpg 300w, https:\/\/www.silverbreezei.com\/wp-content\/uploads\/2012\/07\/mexico-530x386.jpg 530w, https:\/\/www.silverbreezei.com\/wp-content\/uploads\/2012\/07\/mexico.jpg 700w\" sizes=\"auto, (max-width: 300px) 100vw, 300px\" \/><\/a><br \/>\n<\/strong><\/span><\/p>\n<p><span style=\"font-family: Arial;\"><strong>El CRR ofrece los siguientes servicios descritos a continuaci\u00f3n:<br \/>\n<\/strong>1.- Confinamiento para Acopio de refrigerantes y\/o su destrucci\u00f3n<br \/>\n2.- Recuperaci\u00f3n de refrigerante en sitio<br \/>\n3.-Disposici\u00f3n Final de tanques que contengan un m\u00ednimo de refrigerante que no puedan extraer por baja presurizaci\u00f3n en el tanque<br \/>\n4.-Servicio de Reciclado y Confinamiento de unidades de refrigeraci\u00f3n, industriales, comerciales, residenciales, enfriadores, etc. \u00a0Que utilicen refrigerante en su operaci\u00f3n<br \/>\n5.-Banco de refrigerante, de acopio y entrega dentro de la cobertura<br \/>\n6.-Venta de equipo y herramienta como tanques para recuperar refrigerante, maquina recuperadora, vacuo metros, etc.<br \/>\n7.-Servicio de reciclado de refrigerante<br \/>\n8.-Servicio de laboratorio de prueba y an\u00e1lisis de pureza, acidez, etc. \u00a0De refrigerantes<br \/>\n9.-Sustituci\u00f3n por Refrigerantes que no da\u00f1an la capa de Ozono<br \/>\n10.-Vinculaci\u00f3n con los centros de capacitaci\u00f3n de \u201cBuenas Pr\u00e1cticas de Refrigeraci\u00f3n\u201d<br \/>\n11.-Asesoria T\u00e9cnica y Legal para implementaci\u00f3n de Buenas Pr\u00e1cticas en sus procesos<\/span><\/p>\n<p><span style=\"font-size: 14px;\"><strong>Servicios Adicionales<\/strong><\/span><\/p>\n<ul>\n<li><strong>Compramos<\/strong> la mayor\u00eda de refrigerantes Puros y Mezclados, contamos con centros de acopio regionales a nivel Nacional, llame o p\u00f3ngase en contacto con nosotros para le hagamos llegar una oferta<\/li>\n<li><strong>Laboratorio:<\/strong> El laboratorio totalmente equipado cuenta con seis GC (cromatograf\u00eda de gases) para analizar la pureza. Adem\u00e1s se realizan otras pruebas\u00a0 para analizar la humedad, acidez, aire, aceite y part\u00edculas.<\/li>\n<li><strong>Destrucci\u00f3n de gases refrigerantes:<\/strong><b>\u00a0 <\/b>Ofrece el servicio de destrucci\u00f3n de gases refrigerantes ofrecemos soluciones ambientales para los refrigerante en hornos autorizados<\/li>\n<li><strong>Renta de cilindros:<\/strong> Cuenta con una gran cantidad de cilindros disponibles en una tonelada y media y 240 libras de capacidad, proporcionando un dep\u00f3sito. Los cilindros los podr\u00e1 encontrar en diferentes capacidades de acuerdo a sus necesidades.<\/li>\n<li><strong>Recertificaci\u00f3n de cilindros:<\/strong> En una planta certificada con DOT (Department Of Transportation). De esa manera cuenta con la facultad de re-certificar cilindros de refrigerante en cualquiera de sus capacidades, manteniendo los cilindros cumplen con las normas de seguridad del DOT.<\/li>\n<li><strong>Mantenimiento y restauraci\u00f3n de cilindros:<\/strong> Ofrece el servicio de mantenimiento y reparaci\u00f3n de sus cilindros, los cuales pasan primero a una revisi\u00f3n, se pintan y se cambian v\u00e1lvulas, de manera que quede el cilindro como uno nuevo para volverse a utilizar.<\/li>\n<\/ul>\n<p><a href=\"http:\/\/www.silverbreezei.com\/wp-content\/uploads\/2012\/07\/tanques.png\"><img loading=\"lazy\" decoding=\"async\" class=\"size-thumbnail wp-image-168 alignleft\" title=\"tanques\" src=\"http:\/\/www.silverbreezei.com\/wp-content\/uploads\/2012\/07\/tanques-150x150.png\" alt=\"\" width=\"150\" height=\"150\" srcset=\"https:\/\/www.silverbreezei.com\/wp-content\/uploads\/2012\/07\/tanques-150x150.png 150w, https:\/\/www.silverbreezei.com\/wp-content\/uploads\/2012\/07\/tanques-140x140.png 140w, https:\/\/www.silverbreezei.com\/wp-content\/uploads\/2012\/07\/tanques-50x50.png 50w, https:\/\/www.silverbreezei.com\/wp-content\/uploads\/2012\/07\/tanques-110x110.png 110w\" sizes=\"auto, (max-width: 150px) 100vw, 150px\" \/><\/a><\/p>\n<p><a href=\"http:\/\/www.silverbreezei.com\/wp-content\/uploads\/2012\/07\/semarnat.png\"><img loading=\"lazy\" decoding=\"async\" class=\"size-thumbnail wp-image-172 alignleft\" title=\"semarnat\" src=\"http:\/\/www.silverbreezei.com\/wp-content\/uploads\/2012\/07\/semarnat-150x150.png\" alt=\"\" width=\"150\" height=\"150\" srcset=\"https:\/\/www.silverbreezei.com\/wp-content\/uploads\/2012\/07\/semarnat-150x150.png 150w, https:\/\/www.silverbreezei.com\/wp-content\/uploads\/2012\/07\/semarnat-140x140.png 140w, https:\/\/www.silverbreezei.com\/wp-content\/uploads\/2012\/07\/semarnat-50x50.png 50w, https:\/\/www.silverbreezei.com\/wp-content\/uploads\/2012\/07\/semarnat-110x110.png 110w\" sizes=\"auto, (max-width: 150px) 100vw, 150px\" \/><\/a><\/p>\n<p>Cada CRR tiene capacidad de Recuperar y Reciclar 90 toneladas de refrigerantes aproximadamente lo que equivale a dejar de emitir 295,000 toneladas de Bi\u00f3xido de Carbono, estas acciones contribuyen a disminuir la emisi\u00f3n de sustancias agotadoras de la capa de Ozono y de gases efecto invernadero.<\/p>\n<p>Es importante que se tenga conocimiento de que el gobierno de M\u00e9xico firmo el Protocolo de Montreal, por lo que se cre\u00f3 y aprob\u00f3 la ley para protecci\u00f3n de la capa de Ozono y medio ambiente Art. 414 C\u00f3digo Penal Federal, por lo que la liberaci\u00f3n a la atm\u00f3sfera del refrigerante es un delito federal y est\u00e1 tipificado en la ley vigente. El buen manejo como la sustituci\u00f3n por gases refrigerantes que no da\u00f1an la capa de ozono da ventajas adicionales a la de cuidado del medio ambiente tales como obtener ahorro de energ\u00eda,<span style=\"font-family: Arial;\"> puede ayudar a obtener c<\/span><span style=\"font-family: Arial;\">ertificaciones como el ISO 14000, sello de Empresa Limpia, ESR, etc. Adem\u00e1s de que al recuperar y reciclar el refrigerante se pueden obtener ahorros econ\u00f3micos de hasta un 50% en el costo de refrigerante.<\/span><\/p>\n<p><span style=\"font-family: Arial;\">Es responsabilidad de todos crear conciencia y conocimiento sobre la protecci\u00f3n de la capa <\/span><span style=\"font-family: Arial;\">d<\/span><span style=\"font-family: Arial;\">e Ozono todos podemos ayudar tanto los que uti<\/span><span style=\"font-family: Arial;\"><a href=\"http:\/\/www.silverbreezei.com\/wp-content\/uploads\/2012\/07\/04.png\"><img loading=\"lazy\" decoding=\"async\" class=\" wp-image-64 alignright\" title=\"CRR\" src=\"http:\/\/www.silverbreezei.com\/wp-content\/uploads\/2012\/07\/04-150x150.png\" alt=\"\" width=\"150\" height=\"150\" srcset=\"https:\/\/www.silverbreezei.com\/wp-content\/uploads\/2012\/07\/04-150x150.png 150w, https:\/\/www.silverbreezei.com\/wp-content\/uploads\/2012\/07\/04-140x140.png 140w, https:\/\/www.silverbreezei.com\/wp-content\/uploads\/2012\/07\/04-50x50.png 50w, https:\/\/www.silverbreezei.com\/wp-content\/uploads\/2012\/07\/04-110x110.png 110w\" sizes=\"auto, (max-width: 150px) 100vw, 150px\" \/><\/a><\/span><span style=\"font-family: Arial;\">lizamos gases refrigerantes en la operaci\u00f3n, confort <\/span><span style=\"font-family: Arial;\">o servicios, etc. en usos en la industria, <\/span><span style=\"font-family: Arial;\">comerci<\/span><span style=\"font-family: Arial;\">o,<\/span><span style=\"font-family: Arial;\"> residencial, <\/span><span style=\"font-family: Arial;\">etc. ya sea en un aire acondicionado, autom\u00f3vil o refrigeraci\u00f3n (todos pode<\/span><span style=\"font-family: Arial;\">mos ayudar), para esto es necesario que se capaciten los <\/span><span style=\"font-family: Arial;\">t\u00e9cnicos si son internos de la empresa o pidan a sus contratistas t\u00e9cnicos externos sean t\u00e9cnicos certificados <\/span><span style=\"font-family: Arial;\">y solic<\/span><span style=\"font-family: Arial;\">i<\/span><span style=\"font-family: Arial;\">ten <\/span><span style=\"font-family: Arial;\">el <\/span><span style=\"font-family: Arial;\">Manifiesto de SE<\/span><span style=\"font-family: Arial;\">MARNAT cuando presten alg\u00fan servicio para estar seguros de que est\u00e1n cumpl<\/span><span style=\"font-family: Arial;\">iendo con no liberar mas refrigerante a la atmosfera y utilicen el equipo, herramienta y procesos adecuados de recuperaci\u00f3n, reciclado, confinen o se env\u00eden a destrucci\u00f3n si est\u00e1 contaminado con m\u00e9todos aprobados dentro del protocolo de Montreal, \u00a0esto ayudar\u00eda mucho a proteger la capa de Ozono, ya que esta permite la vida en la Tierra. <\/span><\/p>\n<p><strong>Contacto M\u00e9xico:<\/strong><br \/>\nTel.\u00a0(33) 1029-5913<br \/>\n<a href=\"mailto:aquintana@silverbreezei.com\">Contactanos<\/a><\/p>\n","protected":false},"excerpt":{"rendered":"<p>El Centro de Reciclado de Refrigerantes ofrecen los servicios a los usuarios de los refrigerantes \u00a0que quieren cambiar a las Buenas Pr\u00e1cticas de Refrigeraci\u00f3n y Aire Acondicionado para ayudar a detener se siga degradando la Capa de Ozono y revertir los efectos del Calentamiento Global, trabajando en conjunto se puede&#8230;<\/p>\n","protected":false},"author":1,"featured_media":113,"parent":0,"menu_order":0,"comment_status":"closed","ping_status":"closed","template":"","meta":{"footnotes":""},"class_list":["post-11","page","type-page","status-publish","has-post-thumbnail","hentry"],"aioseo_notices":[],"_links":{"self":[{"href":"https:\/\/www.silverbreezei.com\/index.php?rest_route=\/wp\/v2\/pages\/11","targetHints":{"allow":["GET"]}}],"collection":[{"href":"https:\/\/www.silverbreezei.com\/index.php?rest_route=\/wp\/v2\/pages"}],"about":[{"href":"https:\/\/www.silverbreezei.com\/index.php?rest_route=\/wp\/v2\/types\/page"}],"author":[{"embeddable":true,"href":"https:\/\/www.silverbreezei.com\/index.php?rest_route=\/wp\/v2\/users\/1"}],"replies":[{"embeddable":true,"href":"https:\/\/www.silverbreezei.com\/index.php?rest_route=%2Fwp%2Fv2%2Fcomments&post=11"}],"version-history":[{"count":35,"href":"https:\/\/www.silverbreezei.com\/index.php?rest_route=\/wp\/v2\/pages\/11\/revisions"}],"predecessor-version":[{"id":100,"href":"https:\/\/www.silverbreezei.com\/index.php?rest_route=\/wp\/v2\/pages\/11\/revisions\/100"}],"wp:featuredmedia":[{"embeddable":true,"href":"https:\/\/www.silverbreezei.com\/index.php?rest_route=\/wp\/v2\/media\/113"}],"wp:attachment":[{"href":"https:\/\/www.silverbreezei.com\/index.php?rest_route=%2Fwp%2Fv2%2Fmedia&parent=11"}],"curies":[{"name":"wp","href":"https:\/\/api.w.org\/{rel}","templated":true}]}}