{"id":187,"date":"2012-07-20T03:27:19","date_gmt":"2012-07-20T03:27:19","guid":{"rendered":"http:\/\/www.silverbreezei.com\/?page_id=187"},"modified":"2023-09-13T17:21:20","modified_gmt":"2023-09-14T00:21:20","slug":"mantenimiento","status":"publish","type":"page","link":"https:\/\/www.silverbreezei.com\/?page_id=187","title":{"rendered":"Mantenimiento"},"content":{"rendered":"<p><a href=\"http:\/\/www.silverbreezei.com\/wp-content\/uploads\/2012\/07\/Unknown-1.jpeg\"><img loading=\"lazy\" decoding=\"async\" class=\"wp-image-480 alignleft\" title=\"Mantenimiento-1\" src=\"http:\/\/www.silverbreezei.com\/wp-content\/uploads\/2012\/07\/Unknown-1.jpeg\" alt=\"\" width=\"255\" height=\"197\" \/><\/a><\/p>\n<p>&nbsp;<\/p>\n<p>&nbsp;<\/p>\n<p>&nbsp;<\/p>\n<p>&nbsp;<\/p>\n<p>&nbsp;<\/p>\n<p>&nbsp;<\/p>\n<p>&nbsp;<\/p>\n<p><span style=\"color: #003366;\"><strong>A).- Mantenimiento Preventivo B\u00e1sico<\/strong><\/span><\/p>\n<p><span style=\"color: #000080;\">Incluye:<\/span><\/p>\n<p>1.-<br \/>\n<strong>Limpieza de Filtros de aire.<\/strong><br \/>\n&#8211; Esto ayuda a que tenga una correcta circulaci\u00f3n de aire atrav\u00e9s del equipo<br \/>\n&#8211; al no existir esto puede provocar que se force y salirse de funcionamiento.<\/p>\n<p>2.-<br \/>\n<strong>Toma de lectura, revisi\u00f3n de presiones del sistema.<\/strong><br \/>\n&#8211; Esta es una prueba muy importante ya que esta refleja el enfriamiento como la<br \/>\nliberaci\u00f3n de calor. Y el comportamiento general del equipo.<br \/>\n3.-<br \/>\n<strong>Toma de lectura de amperaje de compresor y motores, reporte.<\/strong><br \/>\n&#8211; Esta es una prueba muy significativa de como se esta trabajando internamente, la<br \/>\neficiencia y por lo tanto consumo de energ\u00eda, como disminuir la posibilidad de fallas futuras.<\/p>\n<p><span style=\"color: #003366;\"><strong>Nota: No incluye ning\u00fan tipo de reparaci\u00f3n correctiva adicional<\/strong><\/span><br \/>\n<span style=\"color: #003366;\"><strong>\u00a0<\/strong><\/span><\/p>\n<p><a href=\"http:\/\/www.silverbreezei.com\/wp-content\/uploads\/2012\/07\/Unknown.jpeg\"><img loading=\"lazy\" decoding=\"async\" class=\"wp-image-479 alignright\" title=\"Mantenimiento\" src=\"http:\/\/www.silverbreezei.com\/wp-content\/uploads\/2012\/07\/Unknown.jpeg\" alt=\"\" width=\"178\" height=\"178\" srcset=\"https:\/\/www.silverbreezei.com\/wp-content\/uploads\/2012\/07\/Unknown.jpeg 178w, https:\/\/www.silverbreezei.com\/wp-content\/uploads\/2012\/07\/Unknown-150x150.jpeg 150w, https:\/\/www.silverbreezei.com\/wp-content\/uploads\/2012\/07\/Unknown-140x140.jpeg 140w, https:\/\/www.silverbreezei.com\/wp-content\/uploads\/2012\/07\/Unknown-50x50.jpeg 50w, https:\/\/www.silverbreezei.com\/wp-content\/uploads\/2012\/07\/Unknown-110x110.jpeg 110w\" sizes=\"auto, (max-width: 178px) 100vw, 178px\" \/><\/a><br \/>\n<span style=\"color: #003366;\"><strong>B).- Mantenimiento Preventivo Silver Plus<\/strong><\/span><\/p>\n<p><span style=\"color: #003366;\">Incluye:<\/span><\/p>\n<p>1.-<br \/>\n<strong>Limpieza de Filtros de aire.<\/strong><br \/>\n&#8211; Esto ayuda a que tenga una correcta circulaci\u00f3n de aire atrav\u00e9s del equipo<br \/>\n&#8211; al no existir esto puede provocar que se force y salirse de funcionamiento.<br \/>\n2.-<br \/>\n<strong>Lavado de panales a presi\u00f3n con agua y Bio-\u00e1cido limpiador de aluminio.<\/strong><br \/>\n&#8211; Esto ayuda a que se realice un eficiente enfriamiento de aire como de una correcta<br \/>\nliberaci\u00f3n de calor.<br \/>\n3.-<br \/>\n<strong>Lubricaci\u00f3n de motores y revisi\u00f3n de baleros.<\/strong><br \/>\n&#8211; Esto ayuda a disminuir la posibilidad de que aumente la fricci\u00f3n en el motor y la<br \/>\nposibilidad de quemarse.<br \/>\n4.-<br \/>\n<strong>Toma de lectura de amperaje de compresor y motores, reporte.<\/strong><br \/>\n&#8211; Esta es una prueba muy significativa de como se esta trabajando internamente, la<br \/>\neficiencia y por lo tanto consumo de energ\u00eda, como disminuir la posibilidad de fallas<br \/>\nfuturas.<br \/>\n5.-<br \/>\n<strong>Toma de lectura, revisi\u00f3n de presiones del sistema.<\/strong><br \/>\n.- Esta es una prueba muy importante ya que esta refleja el enfriamiento como la<br \/>\nliberaci\u00f3n de calor. Y el comportamiento general del equipo.<br \/>\n6.-<br \/>\n<strong>Revisi\u00f3n de terminales el\u00e9ctricas.<\/strong><br \/>\n&#8211; Esto ayuda a disminuir la posibilidad de un falso contacto o corto circuito y salirse<br \/>\nde funcionamiento.<br \/>\n7.-<br \/>\n<strong>Revisi\u00f3n y limpieza de contactor.<\/strong><br \/>\n&#8211; Esto ayuda a disminuir la posibilidad de evitar falso contacto en el consumo de energ\u00eda<br \/>\nel\u00e9ctrica del compresor.<br \/>\n8.-<br \/>\n<strong>Limpieza de los dep\u00f3sitos o conductos de agua de condensaci\u00f3n.<\/strong><br \/>\n&#8211; Esto ayuda a disminuir la posibilidad de corrosi\u00f3n del equipo, malos olores, goteras<br \/>\ny un correcto desag\u00fce.<br \/>\n9.-<br \/>\n<strong>Prueba el\u00e9ctrica del termostato; en caso de ser anal\u00f3gico (de aguja) nivelacion,<\/strong><br \/>\n<strong>limpieza de terminales;\u00a0 en caso de ser digital se revisara su programaci\u00f3n.<\/strong><br \/>\n10.-<br \/>\n<strong>Reposici\u00f3n de los tornillos tipo chilillos faltantes en el armado del equipo.<\/strong><br \/>\n.- Esto ayuda a disminuir la posibilidad de que pierda fuerza la estructura de la maquina.<br \/>\n11.-<br \/>\n<strong>Revisi\u00f3n de alimentaci\u00f3n el\u00e9ctrica de la maquina a la protecci\u00f3n el\u00e9ctrica (breaker).<\/strong><br \/>\n12.-<br \/>\n<strong>Supervision<\/strong>.<\/p>\n<p><span style=\"color: #003366;\">Nota: No incluye ning\u00fan tipo de reparaci\u00f3n correctiva adicional<\/span><br \/>\n<span style=\"color: #003366;\"><strong>\u00a0<\/strong><\/span><br \/>\n<span style=\"color: #003366;\"><strong>\u00a0<\/strong><\/span><br \/>\n<span style=\"color: #003366;\"><strong>C) Mantenimiento Correctivo y Reparacion<\/strong><\/span><br \/>\n<span style=\"color: #003366;\"><strong>\u00a0<\/strong><\/span><br \/>\n<span style=\"color: #003366;\"><strong>Diagn\u00f3stico y reparaciones en general correctivas<\/strong><\/span><\/p>\n","protected":false},"excerpt":{"rendered":"<p>&nbsp; &nbsp; &nbsp; &nbsp; &nbsp; &nbsp; &nbsp; A).- Mantenimiento Preventivo B\u00e1sico Incluye: 1.- Limpieza de Filtros de aire. &#8211; Esto ayuda a que tenga una correcta circulaci\u00f3n de aire atrav\u00e9s del equipo &#8211; al no existir esto puede provocar que se force y salirse de funcionamiento. 2.- Toma de lectura,&#8230;<\/p>\n","protected":false},"author":1,"featured_media":0,"parent":0,"menu_order":0,"comment_status":"closed","ping_status":"closed","template":"","meta":{"footnotes":""},"class_list":["post-187","page","type-page","status-publish","hentry"],"aioseo_notices":[],"_links":{"self":[{"href":"https:\/\/www.silverbreezei.com\/index.php?rest_route=\/wp\/v2\/pages\/187","targetHints":{"allow":["GET"]}}],"collection":[{"href":"https:\/\/www.silverbreezei.com\/index.php?rest_route=\/wp\/v2\/pages"}],"about":[{"href":"https:\/\/www.silverbreezei.com\/index.php?rest_route=\/wp\/v2\/types\/page"}],"author":[{"embeddable":true,"href":"https:\/\/www.silverbreezei.com\/index.php?rest_route=\/wp\/v2\/users\/1"}],"replies":[{"embeddable":true,"href":"https:\/\/www.silverbreezei.com\/index.php?rest_route=%2Fwp%2Fv2%2Fcomments&post=187"}],"version-history":[{"count":12,"href":"https:\/\/www.silverbreezei.com\/index.php?rest_route=\/wp\/v2\/pages\/187\/revisions"}],"predecessor-version":[{"id":705,"href":"https:\/\/www.silverbreezei.com\/index.php?rest_route=\/wp\/v2\/pages\/187\/revisions\/705"}],"wp:attachment":[{"href":"https:\/\/www.silverbreezei.com\/index.php?rest_route=%2Fwp%2Fv2%2Fmedia&parent=187"}],"curies":[{"name":"wp","href":"https:\/\/api.w.org\/{rel}","templated":true}]}}