{"id":2,"date":"2012-07-02T20:28:54","date_gmt":"2012-07-02T20:28:54","guid":{"rendered":"http:\/\/www.silverbreezei.com\/?page_id=2"},"modified":"2023-09-13T17:23:09","modified_gmt":"2023-09-14T00:23:09","slug":"sample-page","status":"publish","type":"page","link":"https:\/\/www.silverbreezei.com\/?page_id=2","title":{"rendered":"Nosotros"},"content":{"rendered":"<p><a href=\"http:\/\/www.silverbreezei.com\/?attachment_id=591\"><img loading=\"lazy\" decoding=\"async\" class=\"alignleft wp-image-591 size-full\" title=\"Nuestra Planta\" src=\"http:\/\/www.silverbreezei.com\/wp-content\/uploads\/2012\/07\/eco.png\" alt=\"\" width=\"400\" height=\"324\" srcset=\"https:\/\/www.silverbreezei.com\/wp-content\/uploads\/2012\/07\/eco.png 400w, https:\/\/www.silverbreezei.com\/wp-content\/uploads\/2012\/07\/eco-300x243.png 300w\" sizes=\"auto, (max-width: 400px) 100vw, 400px\" \/><\/a><\/p>\n<p>&nbsp;<\/p>\n<p>&nbsp;<\/p>\n<p><span style=\"font-size: 16px;\">Silver Breeze, una empresa comprometida con el medio ambiente fundada en 1989\u00a0 en Mexicali Baja California, opera actualmente con 3 divisiones:<\/span><\/p>\n<p>&nbsp;<\/p>\n<p>&nbsp;<\/p>\n<p>&nbsp;<\/p>\n<p>&nbsp;<\/p>\n<p>&nbsp;<\/p>\n<p>&nbsp;<\/p>\n<p>&nbsp;<\/p>\n<p><span style=\"color: #2a4a3c;\"><strong><span style=\"color: #003300;\">AIRE<\/span> <span style=\"color: #003300;\">ACONDICIONADO<\/span><\/strong><\/span><br \/>\nVenta, Mantenimiento y Reparaciones varias de Aire Acondicionado.<\/p>\n<p><span style=\"color: #003300;\"><strong>CENTRO DE RECICLADO DE REFRIGERANTES (CRR)<\/strong><\/span><br \/>\nOfrecemos los servicios como Centros de Reciclado de Refrigerantes en M\u00e9xico autorizados por SEMARNAT desde el a\u00f1o\u00a0 2008.\u00a0 Trabajamos dentro del plan nacional de eliminaci\u00f3n de Clorofluorocarbonos por SEMARNAT\/ONUDI<\/p>\n<p><span style=\"color: #003300;\"><strong>FABRICACION INVERSA<\/strong> <\/span><span style=\"color: #003300;\"><strong>(FIE)<\/strong><\/span><br \/>\nContamos con Centro\u00a0 de Acopio y Destrucci\u00f3n de electrodom\u00e9sticos ineficientes ya sean los sustituidos del programa de ahorro de energ\u00eda de SENER o de otros programas ambientales.<\/p>\n","protected":false},"excerpt":{"rendered":"<p>&nbsp; &nbsp; Silver Breeze, una empresa comprometida con el medio ambiente fundada en 1989\u00a0 en Mexicali Baja California, opera actualmente con 3 divisiones: &nbsp; &nbsp; &nbsp; &nbsp; &nbsp; &nbsp; &nbsp; AIRE ACONDICIONADO Venta, Mantenimiento y Reparaciones varias de Aire Acondicionado. CENTRO DE RECICLADO DE REFRIGERANTES (CRR) Ofrecemos los servicios como&#8230;<\/p>\n","protected":false},"author":1,"featured_media":0,"parent":0,"menu_order":0,"comment_status":"closed","ping_status":"closed","template":"","meta":{"footnotes":""},"class_list":["post-2","page","type-page","status-publish","hentry"],"aioseo_notices":[],"_links":{"self":[{"href":"https:\/\/www.silverbreezei.com\/index.php?rest_route=\/wp\/v2\/pages\/2","targetHints":{"allow":["GET"]}}],"collection":[{"href":"https:\/\/www.silverbreezei.com\/index.php?rest_route=\/wp\/v2\/pages"}],"about":[{"href":"https:\/\/www.silverbreezei.com\/index.php?rest_route=\/wp\/v2\/types\/page"}],"author":[{"embeddable":true,"href":"https:\/\/www.silverbreezei.com\/index.php?rest_route=\/wp\/v2\/users\/1"}],"replies":[{"embeddable":true,"href":"https:\/\/www.silverbreezei.com\/index.php?rest_route=%2Fwp%2Fv2%2Fcomments&post=2"}],"version-history":[{"count":23,"href":"https:\/\/www.silverbreezei.com\/index.php?rest_route=\/wp\/v2\/pages\/2\/revisions"}],"predecessor-version":[{"id":5,"href":"https:\/\/www.silverbreezei.com\/index.php?rest_route=\/wp\/v2\/pages\/2\/revisions\/5"}],"wp:attachment":[{"href":"https:\/\/www.silverbreezei.com\/index.php?rest_route=%2Fwp%2Fv2%2Fmedia&parent=2"}],"curies":[{"name":"wp","href":"https:\/\/api.w.org\/{rel}","templated":true}]}}