{"id":246,"date":"2012-08-17T00:48:55","date_gmt":"2012-08-17T00:48:55","guid":{"rendered":"http:\/\/www.silverbreezei.com\/?page_id=246"},"modified":"2023-09-13T17:28:36","modified_gmt":"2023-09-14T00:28:36","slug":"venta-de-aire-acondicionado","status":"publish","type":"page","link":"https:\/\/www.silverbreezei.com\/?page_id=246","title":{"rendered":"Venta de Aire Acondicionado"},"content":{"rendered":"<table style=\"width: 720px; height: 180px;\" cellspacing=\"10\">\n<tbody>\n<tr>\n<td><a href=\"#\" target=\"_blank\" rel=\"noopener\"><img loading=\"lazy\" decoding=\"async\" class=\"wp-image-265 alignleft\" title=\"paquete\" src=\"http:\/\/www.silverbreezei.com\/wp-content\/uploads\/2012\/08\/paquete.png\" alt=\"\" width=\"136\" height=\"91\" \/><\/a><\/td>\n<td><a href=\"#\" target=\"_blank\" rel=\"noopener\"><img loading=\"lazy\" decoding=\"async\" class=\"wp-image-159 alignleft\" title=\"Casette\" src=\"http:\/\/www.silverbreezei.com\/wp-content\/uploads\/2012\/07\/casette.jpg\" alt=\"Casette\" width=\"150\" height=\"95\" \/><\/a><\/td>\n<td><a href=\"#\" target=\"_blank\" rel=\"noopener\"><img loading=\"lazy\" decoding=\"async\" class=\"wp-image-157 alignleft\" title=\"Mini Split Omega\" src=\"http:\/\/www.silverbreezei.com\/wp-content\/uploads\/2012\/07\/msomega.jpg\" alt=\"Mini Split Omega\" width=\"170\" height=\"72\" \/><\/a><\/td>\n<\/tr>\n<tr>\n<td><span style=\"color: #000000; font-size: 14px;\"><strong>Central o Paquete<\/strong><\/span><br \/>\nCapacidades 3 a 20 toneladas<\/td>\n<td><span style=\"color: #000000; font-size: 14px;\"><strong>Cassette<\/strong><\/span><br \/>\nCapacidades 2 a 5 toneladas<\/td>\n<td><span style=\"color: #000000; font-size: 14px;\"><strong>Mini Split Omega<\/strong><\/span><br \/>\nCapacidades 1 a 3 toneladas<\/td>\n<\/tr>\n<tr>\n<td><a title=\"Paquete - hoja t\u00e9cnica\" href=\"http:\/\/silverbreezei.com\/pdf\/paquetecentral.pdf\" target=\"_blank\" rel=\"noopener\">Descargar hoja t\u00e9cnica<img loading=\"lazy\" decoding=\"async\" title=\"pdf\" src=\"http:\/\/www.silverbreezei.com\/wp-content\/uploads\/2012\/08\/pdf.png\" alt=\"\" width=\"23\" height=\"21\" \/><\/a><\/td>\n<td><a title=\"Cassette - hoja t\u00e9cnica\" href=\"http:\/\/silverbreezei.com\/pdf\/Casette.pdf\" target=\"_blank\" rel=\"noopener\">Descargar hoja t\u00e9cnica<img loading=\"lazy\" decoding=\"async\" class=\"wp-image-310 alignnone\" title=\"pdf\" src=\"http:\/\/www.silverbreezei.com\/wp-content\/uploads\/2012\/08\/pdf.png\" alt=\"\" width=\"23\" height=\"21\" \/><\/a><\/td>\n<td><a title=\"Mini Split Omega - hoja t\u00e9cnica\" href=\"http:\/\/silverbreezei.com\/pdf\/Split-Omega.pdf\" target=\"_blank\" rel=\"noopener\">Descargar hoja t\u00e9cnica <img loading=\"lazy\" decoding=\"async\" class=\"wp-image-310 alignnone\" title=\"pdf\" src=\"http:\/\/www.silverbreezei.com\/wp-content\/uploads\/2012\/08\/pdf.png\" alt=\"\" width=\"23\" height=\"21\" \/><\/a><\/td>\n<\/tr>\n<\/tbody>\n<\/table>\n<p style=\"text-align: center;\"><a href=\"#\" target=\"_blank\" rel=\"noopener\">\u00a0<\/a><a href=\"http:\/\/www.silverbreezei.com\/wp-content\/uploads\/2012\/08\/Unknown-1.jpeg\"><img loading=\"lazy\" decoding=\"async\" class=\"aligncenter size-medium wp-image-328\" title=\"Aire acondicionado\" src=\"http:\/\/www.silverbreezei.com\/wp-content\/uploads\/2012\/08\/Unknown-1-300x256.jpeg\" alt=\"\" width=\"300\" height=\"256\" srcset=\"https:\/\/www.silverbreezei.com\/wp-content\/uploads\/2012\/08\/Unknown-1-300x256.jpeg 300w, https:\/\/www.silverbreezei.com\/wp-content\/uploads\/2012\/08\/Unknown-1.jpeg 457w\" sizes=\"auto, (max-width: 300px) 100vw, 300px\" \/><\/a>P\u00f3ngase en contacto para solucionarle sus necesidades\u00a0 en Aire Acondicionado<\/p>\n","protected":false},"excerpt":{"rendered":"<p>Central o Paquete Capacidades 3 a 20 toneladas Cassette Capacidades 2 a 5 toneladas Mini Split Omega Capacidades 1 a 3 toneladas Descargar hoja t\u00e9cnica Descargar hoja t\u00e9cnica Descargar hoja t\u00e9cnica \u00a0P\u00f3ngase en contacto para solucionarle sus necesidades\u00a0 en Aire Acondicionado<\/p>\n","protected":false},"author":1,"featured_media":0,"parent":0,"menu_order":0,"comment_status":"closed","ping_status":"closed","template":"","meta":{"footnotes":""},"class_list":["post-246","page","type-page","status-publish","hentry"],"aioseo_notices":[],"_links":{"self":[{"href":"https:\/\/www.silverbreezei.com\/index.php?rest_route=\/wp\/v2\/pages\/246","targetHints":{"allow":["GET"]}}],"collection":[{"href":"https:\/\/www.silverbreezei.com\/index.php?rest_route=\/wp\/v2\/pages"}],"about":[{"href":"https:\/\/www.silverbreezei.com\/index.php?rest_route=\/wp\/v2\/types\/page"}],"author":[{"embeddable":true,"href":"https:\/\/www.silverbreezei.com\/index.php?rest_route=\/wp\/v2\/users\/1"}],"replies":[{"embeddable":true,"href":"https:\/\/www.silverbreezei.com\/index.php?rest_route=%2Fwp%2Fv2%2Fcomments&post=246"}],"version-history":[{"count":31,"href":"https:\/\/www.silverbreezei.com\/index.php?rest_route=\/wp\/v2\/pages\/246\/revisions"}],"predecessor-version":[{"id":709,"href":"https:\/\/www.silverbreezei.com\/index.php?rest_route=\/wp\/v2\/pages\/246\/revisions\/709"}],"wp:attachment":[{"href":"https:\/\/www.silverbreezei.com\/index.php?rest_route=%2Fwp%2Fv2%2Fmedia&parent=246"}],"curies":[{"name":"wp","href":"https:\/\/api.w.org\/{rel}","templated":true}]}}