{"id":249,"date":"2012-08-17T00:49:43","date_gmt":"2012-08-17T00:49:43","guid":{"rendered":"http:\/\/www.silverbreezei.com\/?page_id=249"},"modified":"2023-09-13T17:17:11","modified_gmt":"2023-09-14T00:17:11","slug":"instalacion-y-servicio","status":"publish","type":"page","link":"https:\/\/www.silverbreezei.com\/?page_id=249","title":{"rendered":"Instalaci\u00f3n y servicio"},"content":{"rendered":"<p><span style=\"font-size: 18px;\"><strong><span style=\"color: #003366;\">VENTANA Y MINI SPLIT<\/span><\/strong><\/span><\/p>\n<p>La instalaci\u00f3n que aplica es b\u00e1sica, y dicha instalaci\u00f3n es bajo las siguientes condiciones:<\/p>\n<p><span style=\"font-size: 14px;\"><strong>El cliente requiere tener lo siguiente para la Instalaci\u00f3n normal<a href=\"http:\/\/www.silverbreezei.com\/wp-content\/uploads\/2012\/07\/servicesImage1.png\"><img loading=\"lazy\" decoding=\"async\" class=\"size-full wp-image-167 alignleft\" title=\"servicesImage\" src=\"http:\/\/www.silverbreezei.com\/wp-content\/uploads\/2012\/07\/servicesImage1.png\" alt=\"\" width=\"285\" height=\"360\" srcset=\"https:\/\/www.silverbreezei.com\/wp-content\/uploads\/2012\/07\/servicesImage1.png 285w, https:\/\/www.silverbreezei.com\/wp-content\/uploads\/2012\/07\/servicesImage1-237x300.png 237w\" sizes=\"auto, (max-width: 285px) 100vw, 285px\" \/><\/a><\/strong><\/span><\/p>\n<p>&nbsp;<\/p>\n<p>a) Contar con una alimentaci\u00f3n de corriente el\u00e9ctrica de 220V, 60Hz con protecci\u00f3n t\u00e9rmica al pie del condensador a no m\u00e1s de 5m de distancia.<\/p>\n<p>b) Contar con la preparaci\u00f3n adecuada en tuber\u00eda para realizar las conexiones necesarias de la Unidad Interior hacia la Exterior y considerar tambi\u00e9n la preparaci\u00f3n de tuber\u00eda para el desag\u00fce.<\/p>\n<p>c) Si el equipo ser\u00e1 instalado en un condominio \u00f3 edificio donde la unidad exterior vaya sujeta a la pared del inmueble, deber\u00e1 contar con la base donde se colocar\u00e1 la Unidad Exterior (esta base debe soportar el peso de la unidad Exterior, se recomienda que soporte al menos 40Kg).<\/p>\n<p><strong>De no contar con estas Necesidades se cotizaran de manera Independiente.<\/strong><\/p>\n<p>&nbsp;<\/p>\n<p>&nbsp;<\/p>\n<p>&nbsp;<\/p>\n<p><span style=\"font-size: 14px;\"><strong><em>\u00bfQu\u00e9 Incluye la Instalaci\u00f3n Normal de Ventana \/ Mini Split?<\/em><\/strong><\/span><\/p>\n<ul>\n<li>Perforaci\u00f3n en muro o pared.<\/li>\n<li>Colocaci\u00f3n de unidad interior o manejadora.<\/li>\n<li>Maniobra de colocaci\u00f3n de condensadora o unidad exterior en techo.<\/li>\n<li>Impermeabilizaci\u00f3n de tuber\u00eda de interconexi\u00f3n con pintura elastomerica y tela reforzada.<\/li>\n<li>Fijaci\u00f3n de tuber\u00eda de interconexi\u00f3n al muro o pared.<\/li>\n<li>Realizar vac\u00edo de sistema.<\/li>\n<li>Conexi\u00f3n de interconexi\u00f3n de se\u00f1al\u00a0 el\u00e9ctrica.<\/li>\n<li>Base o soporte de equipo met\u00e1lica con pintura anticorrosiva.<\/li>\n<li>Suministro e instalaci\u00f3n de tuber\u00eda PVC\u00a0 para agua de condensado 1 metro.<\/li>\n<li>Arranque de equipo, asesor\u00eda e manejo y uso al usuario final.<\/li>\n<li>Emisi\u00f3n de reporte escrito.<\/li>\n<li>Revisi\u00f3n y Pruebas del correcto Funcionamiento de Equipo y Control Remoto.<\/li>\n<li>Asesor\u00eda personalizada del uso y caracter\u00edsticas del Equipo.<\/li>\n<li>Cualquier material adicional que se requiera para la instalaci\u00f3n ser\u00e1 objeto de presupuesto por separado del Centro de Servicio con cargo al cliente.<\/li>\n<\/ul>\n<p>&nbsp;<\/p>\n<p><span style=\"font-size: 14px;\"><strong><em>\u00bfQu\u00e9 No incluye la instalaci\u00f3n Normal de Ventana \/ Mini Split?<\/em><\/strong><\/span><\/p>\n<p>1. Preparaci\u00f3n de Conexiones Ocultas y Acabados (Ranuras y Rupturas de pared para paso de tuber\u00edas de conexi\u00f3n \u00f3 desag\u00fce).<br \/>\n2. Colocaci\u00f3n de bases, techos \u00f3 adicionales para la Unidad Exterior.<br \/>\n3. Cualquier tipo de Material extra que se requiera para la Instalaci\u00f3n, NO incluido en el Kit, tales como: Tuber\u00edas adicionales, Material El\u00e9ctrico, Material de alba\u00f1iler\u00eda, entre otros.<br \/>\n4. Carga extra de Refrigerante, por motivo de instalaci\u00f3n de tuber\u00eda adicional al metraje del Kit de Instalaci\u00f3n.<br \/>\n5. Maniobras extras, tales como: plomer\u00eda, alba\u00f1iler\u00eda, instalaciones el\u00e9ctricas, hidr\u00e1ulicas, entre Otras.<br \/>\n6. Retiro, desinstalaci\u00f3n y movimientos de alg\u00fan equipo anterior.<\/p>\n<ul>\n<li>Las instalaciones est\u00e1n sujetas a realizarse en la plaza donde fue adquirido el equipo, distancias adicionales fuera de la zona urbana ser\u00e1n objeto de presupuesto por separado por el Centro de Servicio con cargo al cliente.<\/li>\n<li>La instalaci\u00f3n no prejuzga ni confirma que la capacidad de enfriamiento del equipo corresponda al volumen o espacio para el que fue adquirido.<\/li>\n<li>Garant\u00eda 6 meses<\/li>\n<\/ul>\n<p>&nbsp;<\/p>\n<p><span style=\"font-size: 20px; color: #003366;\"><strong>PAQUETE<\/strong><\/span><\/p>\n<p>La instalaci\u00f3n que aplica es b\u00e1sica, y dicha instalaci\u00f3n es bajo las siguientes condiciones:<\/p>\n<p><span style=\"font-size: 14px;\"><strong>El cliente requiere tener lo siguiente para la Instalaci\u00f3n normal:<\/strong><\/span><\/p>\n<p>a) Contar con una alimentaci\u00f3n de corriente el\u00e9ctrica de 220V, 60Hz con protecci\u00f3n t\u00e9rmica al pie del condensador a no m\u00e1s de 5m de distancia.<\/p>\n<p>b) Contar con la preparaci\u00f3n adecuada en tuber\u00eda para realizar las conexiones necesarias de la Unidad Interior hacia la Exterior y considerar tambi\u00e9n la preparaci\u00f3n de tuber\u00eda para el desag\u00fce.<\/p>\n<p>c) Si el equipo ser\u00e1 instalado en un condominio \u00f3 edificio donde la unidad exterior vaya sujeta a la pared del inmueble, deber\u00e1 contar con la base donde se colocar\u00e1 la Unidad Exterior (esta base debe soportar el peso de la unidad Exterior, se recomienda que soporte al menos 40Kg).<\/p>\n<p>De no contar con estas Necesidades se cotizaran de manera Independiente.<\/p>\n<p><strong><em>\u00bfQu\u00e9 Incluye la Instalaci\u00f3n Normal de Equipo de Paquete?<\/em><\/strong><\/p>\n<ul>\n<li>Ducto de entronque, aislado e impermeabilizado<\/li>\n<li>Termostato<\/li>\n<li>Filtro de aire<\/li>\n<li>Maniobra o servicio de gr\u00faa para colocaci\u00f3n de equipo<\/li>\n<li>Base o soporte de equipo m\u00e1ximo 2 pulgadas de altura<\/li>\n<li>Incluye 1 metro de instalaci\u00f3n el\u00e9ctrica<\/li>\n<li>1 metro de tuber\u00eda de PVC para agua de condensaci\u00f3n<\/li>\n<li>Emisi\u00f3n de reporte escrito.<\/li>\n<li>Revisi\u00f3n y Pruebas del correcto Funcionamiento de Equipo y Control Remoto.<\/li>\n<li>Asesor\u00eda personalizada del uso y caracter\u00edsticas del Equipo.<\/li>\n<li>Cualquier material adicional que se requiera para la instalaci\u00f3n ser\u00e1 objeto de presupuesto por separado del Centro de Servicio con cargo al cliente.<\/li>\n<\/ul>\n<p><strong><em>\u00bfQu\u00e9 No incluye la instalaci\u00f3n Normal de Equipo de Paquete?<\/em><\/strong><\/p>\n<p>1. Preparaci\u00f3n de Conexiones Ocultas y Acabados (Ranuras y Rupturas de pared para paso de tuber\u00edas de conexi\u00f3n \u00f3 desag\u00fce).<\/p>\n<p>2. Colocaci\u00f3n de bases, techos \u00f3 adicionales para la Unidad Exterior.<\/p>\n<p>3. Cualquier tipo de Material extra que se requiera para la Instalaci\u00f3n, NO incluido en el Kit, tales como: Tuber\u00edas adicionales, Material El\u00e9ctrico, Material de alba\u00f1iler\u00eda, entre otros.<\/p>\n<p>4. Carga extra de Refrigerante, por motivo de instalaci\u00f3n de tuber\u00eda adicional al metraje del Kit de Instalaci\u00f3n.<\/p>\n<p>5. Maniobras extras, tales como: plomer\u00eda, alba\u00f1iler\u00eda, instalaciones el\u00e9ctricas, hidr\u00e1ulicas, entre Otras.<\/p>\n<p>6. Retiro, desinstalaci\u00f3n y movimientos de alg\u00fan equipo anterior.<\/p>\n<ul>\n<li>Las instalaciones est\u00e1n sujetas a realizarse en la plaza donde fue adquirido el equipo, distancias adicionales fuera de la zona urbana ser\u00e1n objeto de presupuesto por separado por el Centro de Servicio con cargo al cliente.<\/li>\n<li>La instalaci\u00f3n no prejuzga ni confirma que la capacidad de enfriamiento del equipo corresponda al volumen o espacio para el que fue adquirido.<\/li>\n<li>Garant\u00eda 6 meses<\/li>\n<\/ul>\n","protected":false},"excerpt":{"rendered":"<p>VENTANA Y MINI SPLIT La instalaci\u00f3n que aplica es b\u00e1sica, y dicha instalaci\u00f3n es bajo las siguientes condiciones: El cliente requiere tener lo siguiente para la Instalaci\u00f3n normal &nbsp; a) Contar con una alimentaci\u00f3n de corriente el\u00e9ctrica de 220V, 60Hz con protecci\u00f3n t\u00e9rmica al pie del condensador a no m\u00e1s&#8230;<\/p>\n","protected":false},"author":1,"featured_media":0,"parent":0,"menu_order":0,"comment_status":"closed","ping_status":"closed","template":"","meta":{"footnotes":""},"class_list":["post-249","page","type-page","status-publish","hentry"],"aioseo_notices":[],"_links":{"self":[{"href":"https:\/\/www.silverbreezei.com\/index.php?rest_route=\/wp\/v2\/pages\/249","targetHints":{"allow":["GET"]}}],"collection":[{"href":"https:\/\/www.silverbreezei.com\/index.php?rest_route=\/wp\/v2\/pages"}],"about":[{"href":"https:\/\/www.silverbreezei.com\/index.php?rest_route=\/wp\/v2\/types\/page"}],"author":[{"embeddable":true,"href":"https:\/\/www.silverbreezei.com\/index.php?rest_route=\/wp\/v2\/users\/1"}],"replies":[{"embeddable":true,"href":"https:\/\/www.silverbreezei.com\/index.php?rest_route=%2Fwp%2Fv2%2Fcomments&post=249"}],"version-history":[{"count":17,"href":"https:\/\/www.silverbreezei.com\/index.php?rest_route=\/wp\/v2\/pages\/249\/revisions"}],"predecessor-version":[{"id":703,"href":"https:\/\/www.silverbreezei.com\/index.php?rest_route=\/wp\/v2\/pages\/249\/revisions\/703"}],"wp:attachment":[{"href":"https:\/\/www.silverbreezei.com\/index.php?rest_route=%2Fwp%2Fv2%2Fmedia&parent=249"}],"curies":[{"name":"wp","href":"https:\/\/api.w.org\/{rel}","templated":true}]}}