{"id":56,"date":"2012-07-18T20:33:41","date_gmt":"2012-07-18T20:33:41","guid":{"rendered":"http:\/\/www.silverbreezei.com\/?page_id=56"},"modified":"2023-09-13T17:23:38","modified_gmt":"2023-09-14T00:23:38","slug":"programas","status":"publish","type":"page","link":"https:\/\/www.silverbreezei.com\/?page_id=56","title":{"rendered":"Programas"},"content":{"rendered":"<p>1.- Capacitaci\u00f3n a T\u00e9cnicos en Buenas Practicas de Refrigeraci\u00f3n<br \/>\n2.- Educaci\u00f3n Ambiental a ni\u00f1os<br \/>\n3.- Asesor\u00eda para manejo y reducci\u00f3n de emisiones, sustituci\u00f3n de inventario<br \/>\nde refrigerantes que da\u00f1a la capa de Ozono<br \/>\n4.- Asociaci\u00f3n Nacional de Centros de Reciclado de Refrigerantes<a href=\"http:\/\/www.silverbreezei.com\/?page_id=13\"><br \/>\nPara ser miembro de la Asociaci\u00f3n Nacional de Centros de Reciclado<br \/>\npide informes aqu\u00ed. <\/a><\/p>\n<p>5.- Altas en base de datos de Empresas y T\u00e9cnicos que utilizan las Buenas Practicas<br \/>\nde Refrigeraci\u00f3n y Aire Acondicionado del Sistema de Informaci\u00f3n y Seguimiento<br \/>\nde Sustancias Agotadoras de la Capa de Ozono de SEMARNAT.<a href=\"http:\/\/www.silverbreezei.com\/?page_id=13\"> Solicitar Alta<\/a><\/p>\n<p><a href=\"http:\/\/www.silverbreezei.com\/wp-content\/uploads\/2012\/07\/cap01.jpg\"><img loading=\"lazy\" decoding=\"async\" class=\"wp-image-232 alignleft\" style=\"font-size: 18px;\" title=\"cap01\" src=\"http:\/\/www.silverbreezei.com\/wp-content\/uploads\/2012\/07\/cap01.jpg\" alt=\"\" width=\"192\" height=\"103\" \/><\/a><a href=\"http:\/\/www.silverbreezei.com\/wp-content\/uploads\/2012\/07\/cap02.jpg\"><img loading=\"lazy\" decoding=\"async\" class=\"alignleft size-full wp-image-233\" title=\"cap02\" src=\"http:\/\/www.silverbreezei.com\/wp-content\/uploads\/2012\/07\/cap02.jpg\" alt=\"\" width=\"152\" height=\"115\" \/><\/a><a href=\"http:\/\/www.silverbreezei.com\/wp-content\/uploads\/2012\/07\/cap03.jpg\"><img loading=\"lazy\" decoding=\"async\" class=\"alignleft size-full wp-image-234\" title=\"cap03\" src=\"http:\/\/www.silverbreezei.com\/wp-content\/uploads\/2012\/07\/cap03.jpg\" alt=\"\" width=\"152\" height=\"115\" \/><\/a><\/p>\n","protected":false},"excerpt":{"rendered":"<p>1.- Capacitaci\u00f3n a T\u00e9cnicos en Buenas Practicas de Refrigeraci\u00f3n 2.- Educaci\u00f3n Ambiental a ni\u00f1os 3.- Asesor\u00eda para manejo y reducci\u00f3n de emisiones, sustituci\u00f3n de inventario de refrigerantes que da\u00f1a la capa de Ozono 4.- Asociaci\u00f3n Nacional de Centros de Reciclado de Refrigerantes Para ser miembro de la Asociaci\u00f3n Nacional de&#8230;<\/p>\n","protected":false},"author":1,"featured_media":0,"parent":0,"menu_order":0,"comment_status":"closed","ping_status":"closed","template":"","meta":{"footnotes":""},"class_list":["post-56","page","type-page","status-publish","hentry"],"aioseo_notices":[],"_links":{"self":[{"href":"https:\/\/www.silverbreezei.com\/index.php?rest_route=\/wp\/v2\/pages\/56","targetHints":{"allow":["GET"]}}],"collection":[{"href":"https:\/\/www.silverbreezei.com\/index.php?rest_route=\/wp\/v2\/pages"}],"about":[{"href":"https:\/\/www.silverbreezei.com\/index.php?rest_route=\/wp\/v2\/types\/page"}],"author":[{"embeddable":true,"href":"https:\/\/www.silverbreezei.com\/index.php?rest_route=\/wp\/v2\/users\/1"}],"replies":[{"embeddable":true,"href":"https:\/\/www.silverbreezei.com\/index.php?rest_route=%2Fwp%2Fv2%2Fcomments&post=56"}],"version-history":[{"count":16,"href":"https:\/\/www.silverbreezei.com\/index.php?rest_route=\/wp\/v2\/pages\/56\/revisions"}],"predecessor-version":[{"id":464,"href":"https:\/\/www.silverbreezei.com\/index.php?rest_route=\/wp\/v2\/pages\/56\/revisions\/464"}],"wp:attachment":[{"href":"https:\/\/www.silverbreezei.com\/index.php?rest_route=%2Fwp%2Fv2%2Fmedia&parent=56"}],"curies":[{"name":"wp","href":"https:\/\/api.w.org\/{rel}","templated":true}]}}