{"id":610,"date":"2017-06-09T14:01:05","date_gmt":"2017-06-09T21:01:05","guid":{"rendered":"http:\/\/www.silverbreezei.com\/?page_id=610"},"modified":"2023-09-13T17:07:14","modified_gmt":"2023-09-14T00:07:14","slug":"compra","status":"publish","type":"page","link":"https:\/\/www.silverbreezei.com\/?page_id=610","title":{"rendered":"Compra"},"content":{"rendered":"<div class=\"wpb-content-wrapper\">[vc_row][vc_column]<\/p>\n<div class=\"smile_icon_list_wrap ult_info_list_container ult-adjust-bottom-margin  \">\n<ul class=\"smile_icon_list left square with_bg\">\n<li class=\"icon_list_item\" style=\" font-size:45px;\">\n<div class=\"icon_list_icon\" data-animation=\"pulse\" data-animation-delay=\"03\" style=\"font-size:15px;border-width:1px;border-style:none;background:#019626;color:#ffffff;border-color:#333333;\"><i class=\"Defaults-recycle\" ><\/i><\/div>\n<div class=\"icon_description\" id=\"Info-list-wrap-1643\" style=\"font-size:15px;\">\n<div class=\"icon_description_text ult-responsive\"  data-ultimate-target='#Info-list-wrap-1643 .icon_description_text'  data-responsive-json-new='{\"font-size\":\"desktop:13px;\",\"line-height\":\"desktop:18px;\"}'  style=\"\">\n<p><span style=\"font-size: 14pt;\">Compra de Equipos de Enfriamiento con Refrigerantes fuera de servicio.<\/span><\/p>\n<\/div>\n<\/div>\n<div class=\"icon_list_connector\" data-animation=\"fadeInUp\" data-animation-delay=\"03\" style=\"border-right-width: 1px;border-right-style: dashed;border-color: #999999;\"><\/div>\n<\/li>\n<li class=\"icon_list_item\" style=\" font-size:45px;\">\n<div class=\"icon_list_icon\" data-animation=\"pulse\" data-animation-delay=\"03\" style=\"font-size:15px;border-width:1px;border-style:none;background:#019626;color:#ffffff;border-color:#333333;\"><i class=\"Defaults-recycle\" ><\/i><\/div>\n<div class=\"icon_description\" id=\"Info-list-wrap-3694\" style=\"font-size:15px;\">\n<div class=\"icon_description_text ult-responsive\"  data-ultimate-target='#Info-list-wrap-3694 .icon_description_text'  data-responsive-json-new='{\"font-size\":\"desktop:13px;\",\"line-height\":\"desktop:18px;\"}'  style=\"\">\n<p><span style=\"font-size: 14pt; font-family: helvetica, arial, sans-serif;\">Compra de Refrigerantes Recuperados usados, contaminados, Mezclados \u00a0HCFC, CFC, HFC Recolecci\u00f3n en Todo Mexico.<\/span><\/p>\n<\/div>\n<\/div>\n<div class=\"icon_list_connector\" data-animation=\"fadeInUp\" data-animation-delay=\"03\" style=\"border-right-width: 1px;border-right-style: dashed;border-color: #999999;\"><\/div>\n<\/li>\n<li class=\"icon_list_item\" style=\" font-size:45px;\">\n<div class=\"icon_list_icon\" data-animation=\"pulse\" data-animation-delay=\"03\" style=\"font-size:15px;border-width:1px;border-style:none;background:#019626;color:#ffffff;border-color:#333333;\"><i class=\"Defaults-recycle\" ><\/i><\/div>\n<div class=\"icon_description\" id=\"Info-list-wrap-9450\" style=\"font-size:15px;\">\n<div class=\"icon_description_text ult-responsive\"  data-ultimate-target='#Info-list-wrap-9450 .icon_description_text'  data-responsive-json-new='{\"font-size\":\"desktop:13px;\",\"line-height\":\"desktop:18px;\"}'  style=\"\">\n<p><span style=\"font-size: 14pt; font-family: helvetica, arial, sans-serif;\">Contamos con Asociados para recibir y el acopiar cerca de usted<\/p>\n<\/div>\n<\/div>\n<div class=\"icon_list_connector\" data-animation=\"fadeInUp\" data-animation-delay=\"03\" style=\"border-right-width: 1px;border-right-style: dashed;border-color: #999999;\"><\/div>\n<\/li>\n<li class=\"icon_list_item\" style=\" font-size:45px;\">\n<div class=\"icon_list_icon\" data-animation=\"pulse\" data-animation-delay=\"03\" style=\"font-size:15px;border-width:1px;border-style:none;background:#019626;color:#ffffff;border-color:#333333;\"><i class=\"Defaults-recycle\" ><\/i><\/div>\n<div class=\"icon_description\" id=\"Info-list-wrap-6484\" style=\"font-size:15px;\">\n<div class=\"icon_description_text ult-responsive\"  data-ultimate-target='#Info-list-wrap-6484 .icon_description_text'  data-responsive-json-new='{\"font-size\":\"desktop:13px;\",\"line-height\":\"desktop:18px;\"}'  style=\"\">\n<p><span style=\"font-size: 14pt; font-family: helvetica, arial, sans-serif;\">Ofrecemos para la recuperaci\u00f3n la Venta, Renta de cilindros de recuperaci\u00f3n de refrigerantes.<\/span><\/p>\n<\/div>\n<\/div>\n<div class=\"icon_list_connector\" data-animation=\"fadeInUp\" data-animation-delay=\"03\" style=\"border-right-width: 1px;border-right-style: dashed;border-color: #999999;\"><\/div>\n<\/li>\n<\/ul>\n<\/div>\n<p>[vc_single_image image=&#8221;614&#8243; img_size=&#8221;full&#8221; alignment=&#8221;center&#8221;][vc_column_text css_animation=&#8221;none&#8221;]<span style=\"font-family: helvetica, arial, sans-serif; font-size: 14pt;\">\u00danete a la Compa\u00f1\u00eda m\u00e1s grande de Recuperaci\u00f3n de Refrigerantes en M\u00e9xico,\u00a0 Franquicias Disponibles en algunos estados\u00a0<\/span><\/p>\n<p>Informes\u00a0\u00a0 : \u00a0<a href=\"mailto:ventas@silverbreezei.com\">ventas@silverbreezei.com<\/a> \u00a0\u00a0\u00a0<strong>(33) 1029 5913<\/strong>[\/vc_column_text][\/vc_column][\/vc_row]<\/div>\n","protected":false},"excerpt":{"rendered":"<p>[vc_row][vc_column][vc_single_image image=&#8221;614&#8243; img_size=&#8221;full&#8221; alignment=&#8221;center&#8221;][vc_column_text css_animation=&#8221;none&#8221;]\u00danete a la Compa\u00f1\u00eda m\u00e1s grande de Recuperaci\u00f3n de Refrigerantes en M\u00e9xico,\u00a0 Franquicias Disponibles en algunos estados\u00a0 Informes\u00a0\u00a0 : \u00a0ventas@silverbreezei.com \u00a0\u00a0\u00a0(33) 1029 5913[\/vc_column_text][\/vc_column][\/vc_row]<\/p>\n","protected":false},"author":1,"featured_media":0,"parent":0,"menu_order":0,"comment_status":"closed","ping_status":"closed","template":"","meta":{"footnotes":""},"class_list":["post-610","page","type-page","status-publish","hentry"],"aioseo_notices":[],"_links":{"self":[{"href":"https:\/\/www.silverbreezei.com\/index.php?rest_route=\/wp\/v2\/pages\/610","targetHints":{"allow":["GET"]}}],"collection":[{"href":"https:\/\/www.silverbreezei.com\/index.php?rest_route=\/wp\/v2\/pages"}],"about":[{"href":"https:\/\/www.silverbreezei.com\/index.php?rest_route=\/wp\/v2\/types\/page"}],"author":[{"embeddable":true,"href":"https:\/\/www.silverbreezei.com\/index.php?rest_route=\/wp\/v2\/users\/1"}],"replies":[{"embeddable":true,"href":"https:\/\/www.silverbreezei.com\/index.php?rest_route=%2Fwp%2Fv2%2Fcomments&post=610"}],"version-history":[{"count":8,"href":"https:\/\/www.silverbreezei.com\/index.php?rest_route=\/wp\/v2\/pages\/610\/revisions"}],"predecessor-version":[{"id":696,"href":"https:\/\/www.silverbreezei.com\/index.php?rest_route=\/wp\/v2\/pages\/610\/revisions\/696"}],"wp:attachment":[{"href":"https:\/\/www.silverbreezei.com\/index.php?rest_route=%2Fwp%2Fv2%2Fmedia&parent=610"}],"curies":[{"name":"wp","href":"https:\/\/api.w.org\/{rel}","templated":true}]}}