{"id":9,"date":"2012-07-02T21:26:03","date_gmt":"2012-07-02T21:26:03","guid":{"rendered":"http:\/\/www.silverbreezei.com\/?page_id=9"},"modified":"2023-09-13T17:14:35","modified_gmt":"2023-09-14T00:14:35","slug":"fie","status":"publish","type":"page","link":"https:\/\/www.silverbreezei.com\/?page_id=9","title":{"rendered":"FIE"},"content":{"rendered":"<p><strong>FABRICACION INVERSA DE ELECTRODOMESTICOS<\/strong><\/p>\n<p>Como parte de los servicios del Centro de Reciclado de Refrigerantes autorizado por SEMARNAT, autoridades estatales y municipales, ofrecemos el Acopio y Destruccion\u00a0 de los electrodomesticos de baja eficiencia donde se les da la correcta disposicion y menejo a los materiales reciclables como a los residuos peligrosos o de manejo especial.<\/p>\n<p>Los Electrodomesticos (Equipos de aire acondicionado, refrigeradores, congeladores, frigor\u00edficos, etc.) obsoletos o fuera de producci\u00f3n contienen toda una serie de materiales que se pueden convertir en materias primas.<\/p>\n<p>El punto cr\u00edtico es la correcta recuperacion y aprovechamiento de los hidrocarburos clorados y fluorados que en adelante llamaremos CFC, HCFC.<\/p>\n<p><strong> Servicios de Fabricaci\u00f3n Inversa<br \/>\n<\/strong><\/p>\n<ul style=\"list-style-type: square;\">\n<li>Proceso de equipos de refrigeracion, electrodom\u00e9sticos , entrega de documentaci\u00f3n, reportes\u00a0 y manifiestos SEMARNAT<\/li>\n<li>Proyectos de compra de equipos para proceso<\/li>\n<li>Servicios de recolecci\u00f3n y log\u00edstica a nivel nacional<\/li>\n<\/ul>\n<p><a href=\"http:\/\/www.silverbreezei.com\/wp-content\/uploads\/2012\/07\/03.png\"><img loading=\"lazy\" decoding=\"async\" class=\"alignleft  wp-image-129\" title=\"FIE 1\" src=\"http:\/\/www.silverbreezei.com\/wp-content\/uploads\/2012\/07\/03-300x200.png\" alt=\"\" width=\"240\" height=\"160\" srcset=\"https:\/\/www.silverbreezei.com\/wp-content\/uploads\/2012\/07\/03-300x200.png 300w, https:\/\/www.silverbreezei.com\/wp-content\/uploads\/2012\/07\/03-1024x682.png 1024w, https:\/\/www.silverbreezei.com\/wp-content\/uploads\/2012\/07\/03-980x653.png 980w, https:\/\/www.silverbreezei.com\/wp-content\/uploads\/2012\/07\/03-530x353.png 530w, https:\/\/www.silverbreezei.com\/wp-content\/uploads\/2012\/07\/03.png 1342w\" sizes=\"auto, (max-width: 240px) 100vw, 240px\" \/><\/a><\/p>\n<p><a href=\"http:\/\/www.silverbreezei.com\/wp-content\/uploads\/2012\/07\/DSC03179.jpg\"><img loading=\"lazy\" decoding=\"async\" class=\"alignleft  wp-image-485\" title=\"FIE\" src=\"http:\/\/www.silverbreezei.com\/wp-content\/uploads\/2012\/07\/DSC03179-300x225.jpg\" alt=\"\" width=\"213\" height=\"160\" srcset=\"https:\/\/www.silverbreezei.com\/wp-content\/uploads\/2012\/07\/DSC03179-300x225.jpg 300w, https:\/\/www.silverbreezei.com\/wp-content\/uploads\/2012\/07\/DSC03179-1024x768.jpg 1024w, https:\/\/www.silverbreezei.com\/wp-content\/uploads\/2012\/07\/DSC03179-980x735.jpg 980w, https:\/\/www.silverbreezei.com\/wp-content\/uploads\/2012\/07\/DSC03179-530x397.jpg 530w\" sizes=\"auto, (max-width: 213px) 100vw, 213px\" \/><\/a><\/p>\n<p><a href=\"http:\/\/www.silverbreezei.com\/wp-content\/uploads\/2012\/07\/05.png\"><img loading=\"lazy\" decoding=\"async\" class=\"alignleft  wp-image-138\" title=\"FIE 3\" src=\"http:\/\/www.silverbreezei.com\/wp-content\/uploads\/2012\/07\/05-300x224.png\" alt=\"\" width=\"240\" height=\"160\" \/><\/a><\/p>\n<p>&nbsp;<\/p>\n<p>&nbsp;<\/p>\n<p>&nbsp;<\/p>\n<p>&nbsp;<\/p>\n<p>&nbsp;<\/p>\n<p><a href=\"http:\/\/www.silverbreezei.com\/wp-content\/uploads\/2012\/07\/DSC03189.jpg\"><img loading=\"lazy\" decoding=\"async\" class=\"alignleft  wp-image-487\" title=\"FIE\" src=\"http:\/\/www.silverbreezei.com\/wp-content\/uploads\/2012\/07\/DSC03189-300x225.jpg\" alt=\"\" width=\"213\" height=\"160\" srcset=\"https:\/\/www.silverbreezei.com\/wp-content\/uploads\/2012\/07\/DSC03189-300x225.jpg 300w, https:\/\/www.silverbreezei.com\/wp-content\/uploads\/2012\/07\/DSC03189-1024x768.jpg 1024w, https:\/\/www.silverbreezei.com\/wp-content\/uploads\/2012\/07\/DSC03189-980x735.jpg 980w, https:\/\/www.silverbreezei.com\/wp-content\/uploads\/2012\/07\/DSC03189-530x397.jpg 530w\" sizes=\"auto, (max-width: 213px) 100vw, 213px\" \/><\/a><\/p>\n<p>&nbsp;<\/p>\n<p>&nbsp;<\/p>\n<p>&nbsp;<\/p>\n<p>&nbsp;<\/p>\n<p>&nbsp;<\/p>\n<p>&nbsp;<\/p>\n<p>&nbsp;<\/p>\n<p>&nbsp;<\/p>\n<p>&nbsp;<\/p>\n<p><strong>PROCESO FIE<\/strong><\/p>\n<ul style=\"list-style-type: square;\">\n<li>Carga y descarga de Electrodomesticos.<\/li>\n<li>Recepcion y pruebas de equipos.<\/li>\n<li>\u00a0El tecnico responsable verificara que el electrodomestico que sus partes esten completas donde contiene los contaminantes.<\/li>\n<li>\u00a0Al recibirse llena boleta de especificando fecha de recepcion, marca, modelo, capacidad, numero de serie del equipo o compresor, peso.<\/li>\n<li>Se toma fotografia donde se aprecie por completo el sistema de refrigeracion del equipo.<\/li>\n<li>\n<div>Recuperacion, almacenaje y registro\u00a0 de gas refrigerantes<\/div>\n<li>\n<div>Recuperacion , almacenaje y registro de Aceite<\/div>\n<\/li>\n<li>\n<div>Segregacion de metales,plastico, vidrio<\/div>\n<\/li>\n<li>\n<div>Clasificacion de chatarra y materiales reciclables.<\/div>\n<\/li>\n<\/ul>\n<p><span style=\"font-size: 14px;\">Contamos con una capacidad de producci\u00f3n de proceso de 6,000 piezas mensuales<\/span><\/p>\n<p style=\"text-align: center;\"><a href=\"http:\/\/www.silverbreezei.com\/wp-content\/uploads\/2012\/07\/grafica.png\"><img loading=\"lazy\" decoding=\"async\" class=\"aligncenter  wp-image-121\" title=\"grafica\" src=\"http:\/\/www.silverbreezei.com\/wp-content\/uploads\/2012\/07\/grafica-889x1024.png\" alt=\"\" width=\"622\" height=\"717\" srcset=\"https:\/\/www.silverbreezei.com\/wp-content\/uploads\/2012\/07\/grafica-889x1024.png 889w, https:\/\/www.silverbreezei.com\/wp-content\/uploads\/2012\/07\/grafica-260x300.png 260w, https:\/\/www.silverbreezei.com\/wp-content\/uploads\/2012\/07\/grafica-980x1128.png 980w, https:\/\/www.silverbreezei.com\/wp-content\/uploads\/2012\/07\/grafica-530x610.png 530w, https:\/\/www.silverbreezei.com\/wp-content\/uploads\/2012\/07\/grafica.png 1155w\" sizes=\"auto, (max-width: 622px) 100vw, 622px\" \/><\/a><\/p>\n<p style=\"text-align: left;\"><a href=\"http:\/\/www.silverbreezei.com\/wp-content\/uploads\/2012\/07\/planta.png\"><img loading=\"lazy\" decoding=\"async\" class=\"alignleft size-medium wp-image-147\" title=\"Planta\" src=\"http:\/\/www.silverbreezei.com\/wp-content\/uploads\/2012\/07\/planta-300x230.png\" alt=\"\" width=\"300\" height=\"230\" srcset=\"https:\/\/www.silverbreezei.com\/wp-content\/uploads\/2012\/07\/planta-300x230.png 300w, https:\/\/www.silverbreezei.com\/wp-content\/uploads\/2012\/07\/planta-1024x788.png 1024w, https:\/\/www.silverbreezei.com\/wp-content\/uploads\/2012\/07\/planta-980x754.png 980w, https:\/\/www.silverbreezei.com\/wp-content\/uploads\/2012\/07\/planta-530x407.png 530w, https:\/\/www.silverbreezei.com\/wp-content\/uploads\/2012\/07\/planta.png 1250w\" sizes=\"auto, (max-width: 300px) 100vw, 300px\" \/><\/a><\/p>\n<p style=\"text-align: left;\"><span style=\"font-size: 14px;\">Contamos con 8,000 mts de almac\u00e9n para recepci\u00f3n de equipos, m\u00e1s 2,000<\/span><br \/>\n<span style=\"font-size: 14px;\">mts de \u00e1rea de proceso<\/span><\/p>\n<p style=\"text-align: left;\"><span style=\"font-size: 14px;\"><strong>Informaci\u00f3n generada:<\/strong><\/span><\/p>\n<ul style=\"list-style-type: disc;\">\n<li>Se entregara un reporte mensual de los refrigeradores, aires acondicionados, cilindros acopiados, con la informacion detallada de recepcion como de los contaminante extraidos, acompanados de\u00a0 los manifiestos de refrigerante extraido, aceite, mercurio, etc,\u00a0 segun volumen generado y aplique.<\/li>\n<li>Se entregara un certificado emitido por nuestro centro de reciclado con la cantidad de reduccion de emision de refrigerante como en Co2 o Bioxido de Carbono, como algunas equivalencias en arboles verdes o con la equivalencia de contaminacion emitida por autos.<\/li>\n<\/ul>\n<p>&nbsp;<\/p>\n<p><span style=\"font-size: 14px;\">Exposicion por parte de nuestra empresa de avances obtenidos de Fabricacion Inversa en Mexico ante las Naciones Unidas de Proteccion al Ambiente Ginebra, Suiza Junio 2010.<\/span><\/p>\n<p><a href=\"http:\/\/www.silverbreezei.com\/wp-content\/uploads\/2012\/07\/exposicion.png\"><img loading=\"lazy\" decoding=\"async\" class=\"alignleft size-medium wp-image-126\" title=\"Ginebra Conferencia\" src=\"http:\/\/www.silverbreezei.com\/wp-content\/uploads\/2012\/07\/exposicion-300x224.png\" alt=\"Ginebra Conferencia\" width=\"300\" height=\"224\" srcset=\"https:\/\/www.silverbreezei.com\/wp-content\/uploads\/2012\/07\/exposicion-300x224.png 300w, https:\/\/www.silverbreezei.com\/wp-content\/uploads\/2012\/07\/exposicion-530x396.png 530w, https:\/\/www.silverbreezei.com\/wp-content\/uploads\/2012\/07\/exposicion.png 793w\" sizes=\"auto, (max-width: 300px) 100vw, 300px\" \/><\/a><\/p>\n","protected":false},"excerpt":{"rendered":"<p>FABRICACION INVERSA DE ELECTRODOMESTICOS Como parte de los servicios del Centro de Reciclado de Refrigerantes autorizado por SEMARNAT, autoridades estatales y municipales, ofrecemos el Acopio y Destruccion\u00a0 de los electrodomesticos de baja eficiencia donde se les da la correcta disposicion y menejo a los materiales reciclables como a los residuos&#8230;<\/p>\n","protected":false},"author":1,"featured_media":111,"parent":0,"menu_order":0,"comment_status":"closed","ping_status":"closed","template":"","meta":{"footnotes":""},"class_list":["post-9","page","type-page","status-publish","has-post-thumbnail","hentry"],"aioseo_notices":[],"_links":{"self":[{"href":"https:\/\/www.silverbreezei.com\/index.php?rest_route=\/wp\/v2\/pages\/9","targetHints":{"allow":["GET"]}}],"collection":[{"href":"https:\/\/www.silverbreezei.com\/index.php?rest_route=\/wp\/v2\/pages"}],"about":[{"href":"https:\/\/www.silverbreezei.com\/index.php?rest_route=\/wp\/v2\/types\/page"}],"author":[{"embeddable":true,"href":"https:\/\/www.silverbreezei.com\/index.php?rest_route=\/wp\/v2\/users\/1"}],"replies":[{"embeddable":true,"href":"https:\/\/www.silverbreezei.com\/index.php?rest_route=%2Fwp%2Fv2%2Fcomments&post=9"}],"version-history":[{"count":37,"href":"https:\/\/www.silverbreezei.com\/index.php?rest_route=\/wp\/v2\/pages\/9\/revisions"}],"predecessor-version":[{"id":701,"href":"https:\/\/www.silverbreezei.com\/index.php?rest_route=\/wp\/v2\/pages\/9\/revisions\/701"}],"wp:featuredmedia":[{"embeddable":true,"href":"https:\/\/www.silverbreezei.com\/index.php?rest_route=\/wp\/v2\/media\/111"}],"wp:attachment":[{"href":"https:\/\/www.silverbreezei.com\/index.php?rest_route=%2Fwp%2Fv2%2Fmedia&parent=9"}],"curies":[{"name":"wp","href":"https:\/\/api.w.org\/{rel}","templated":true}]}}